{"id":2,"date":"2022-10-13T15:11:17","date_gmt":"2022-10-13T13:11:17","guid":{"rendered":"http:\/\/gst24.eu\/?page_id=2"},"modified":"2022-11-19T01:52:34","modified_gmt":"2022-11-19T00:52:34","slug":"przykladowa-strona","status":"publish","type":"page","link":"https:\/\/gst24.eu\/","title":{"rendered":"Home"},"content":{"rendered":"<section class=\"wpb-content-wrapper\">[vc_row full_width=&#8221;stretch_row&#8221; css=&#8221;.vc_custom_1668463893459{margin-top: -100px !important;}&#8221;][vc_column width=&#8221;1\/2&#8243; css=&#8221;.vc_custom_1668465083518{padding-top: 100px !important;padding-right: 150px !important;}&#8221;][vc_empty_space height=&#8221;80px&#8221;]<div class=\"norebro-heading-sc heading text-left\"\n\tid=\"norebro-custom-69d29570bbb91\" \n\t \n\t>\n\t\n\t\n\t\n\t<h3 class=\"title\">\n\t\tTransport &\nSpedycja\t<\/h3>\n\n\t\n\t\t\t<p class=\"subtitle\">\n\t\t\t\t\t<\/p>\n\t\t\n<\/div>[vc_empty_space height=&#8221;20px&#8221;][vc_column_text]\n<p style=\"text-align: justify; font-size: 14px;\">Je\u017celi szukacie Pa\u0144stwo fachowej i rzetelnej firmy transportowej, kt\u00f3ra potrafi dostosowa\u0107 si\u0119 do Pa\u0144stwa wymaga\u0144,\u00a0zadzwo\u0144cie do nas, a z przyjemno\u015bci\u0105 z\u0142o\u017cymy Pa\u0144stwu satysfakcjonuj\u0105c\u0105 ofert\u0119.<\/p>\n[\/vc_column_text][vc_empty_space height=&#8221;10px&#8221;][vc_column_text]\n<p style=\"text-align: justify; font-size: 14px;\">\u015awiadczymy r\u00f3wnie\u017c us\u0142ugi spedycyjne dla naszych klient\u00f3w wykorzystuj\u0105c flot\u0119 w\u0142asn\u0105 jak i zaufanych partner\u00f3w.<\/p>\n[\/vc_column_text][vc_empty_space height=&#8221;30px&#8221;][\/vc_column][vc_column width=&#8221;1\/2&#8243; css=&#8221;.vc_custom_1668462029611{background-color: #ffe8ee !important;}&#8221; offset=&#8221;vc_col-sm-offset-0&#8243;][vc_empty_space height=&#8221;150px&#8221;][vc_single_image image=&#8221;5648053&#8243; img_size=&#8221;large&#8221; css=&#8221;.vc_custom_1668434069436{margin-left: -60px !important;}&#8221;][vc_empty_space height=&#8221;50px&#8221;][\/vc_column][\/vc_row][vc_row full_width=&#8221;stretch_row&#8221; css=&#8221;.vc_custom_1668464154113{background-color: #f5f5f5 !important;}&#8221; el_class=&#8221;nor-top-layer&#8221;][vc_column][vc_empty_space height=&#8221;20px&#8221;][vc_column_text]\n<p style=\"text-align: left; color: #ba3852; font-size: 11px;\">Pracujemy dla :<\/p>\n[\/vc_column_text][vc_empty_space height=&#8221;20px&#8221;][vc_row_inner][vc_column_inner width=&#8221;1\/6&#8243;]<div class=\"norebro-client-logo-sc clients-logo text-center default\"\n\tid=\"norebro-custom-69d29570bc189\"\n\t\t>\n\n\t\n\t\t\t\t\t<div class=\"first-image\">\n\t\t\t\t<img decoding=\"async\" src=\"https:\/\/gst24.eu\/wp-content\/uploads\/2022\/11\/schenker.png\" alt=\"\">\n\t\t\t<\/div>\n\t\t\t<div class=\"second-image\">\n\t\t\t\t<img decoding=\"async\" src=\"https:\/\/gst24.eu\/wp-content\/uploads\/2022\/11\/schenker.png\" alt=\"\">\n\t\t\t<\/div>\n\t\t\n\t\t\n\t\n<\/div>\n[\/vc_column_inner][vc_column_inner width=&#8221;1\/6&#8243;]<div class=\"norebro-client-logo-sc clients-logo text-center default\"\n\tid=\"norebro-custom-69d29570bc701\"\n\t\t>\n\n\t\n\t\t\t\t\t<div class=\"first-image\">\n\t\t\t\t<img decoding=\"async\" src=\"https:\/\/gst24.eu\/wp-content\/uploads\/2022\/11\/amazon.png\" alt=\"\">\n\t\t\t<\/div>\n\t\t\t<div class=\"second-image\">\n\t\t\t\t<img decoding=\"async\" src=\"https:\/\/gst24.eu\/wp-content\/uploads\/2022\/11\/amazon.png\" alt=\"\">\n\t\t\t<\/div>\n\t\t\n\t\t\n\t\n<\/div>\n[\/vc_column_inner][vc_column_inner width=&#8221;1\/6&#8243;]<div class=\"norebro-client-logo-sc clients-logo text-center default\"\n\tid=\"norebro-custom-69d29570bcc2c\"\n\t\t>\n\n\t\n\t\t\t\t\t<div class=\"first-image\">\n\t\t\t\t<img decoding=\"async\" src=\"https:\/\/gst24.eu\/wp-content\/uploads\/2022\/11\/raben.png\" alt=\"\">\n\t\t\t<\/div>\n\t\t\t<div class=\"second-image\">\n\t\t\t\t<img decoding=\"async\" src=\"https:\/\/gst24.eu\/wp-content\/uploads\/2022\/11\/raben.png\" alt=\"\">\n\t\t\t<\/div>\n\t\t\n\t\t\n\t\n<\/div>\n[\/vc_column_inner][vc_column_inner width=&#8221;1\/6&#8243;]<div class=\"norebro-client-logo-sc clients-logo text-center default\"\n\tid=\"norebro-custom-69d29570bd150\"\n\t\t>\n\n\t\n\t\t\t\t\t<div class=\"first-image\">\n\t\t\t\t<img decoding=\"async\" src=\"https:\/\/gst24.eu\/wp-content\/uploads\/2022\/11\/dsv.png\" alt=\"\">\n\t\t\t<\/div>\n\t\t\t<div class=\"second-image\">\n\t\t\t\t<img decoding=\"async\" src=\"https:\/\/gst24.eu\/wp-content\/uploads\/2022\/11\/dsv.png\" alt=\"\">\n\t\t\t<\/div>\n\t\t\n\t\t\n\t\n<\/div>\n[\/vc_column_inner][vc_column_inner width=&#8221;1\/6&#8243;]<div class=\"norebro-client-logo-sc clients-logo text-center default\"\n\tid=\"norebro-custom-69d29570bd68a\"\n\t\t>\n\n\t\n\t\t\t\t\t<div class=\"first-image\">\n\t\t\t\t<img decoding=\"async\" src=\"https:\/\/gst24.eu\/wp-content\/uploads\/2022\/11\/rohlig.png\" alt=\"\">\n\t\t\t<\/div>\n\t\t\t<div class=\"second-image\">\n\t\t\t\t<img decoding=\"async\" src=\"https:\/\/gst24.eu\/wp-content\/uploads\/2022\/11\/rohlig.png\" alt=\"\">\n\t\t\t<\/div>\n\t\t\n\t\t\n\t\n<\/div>\n[\/vc_column_inner][vc_column_inner width=&#8221;1\/6&#8243;]<div class=\"norebro-client-logo-sc clients-logo text-center default\"\n\tid=\"norebro-custom-69d29570bd6be\"\n\t\t>\n\n\t\n\t\t\t\t\t<div class=\"first-image\">\n\t\t\t\t<img decoding=\"async\" src=\"https:\/\/gst24.eu\/wp-content\/uploads\/2022\/11\/schenker.png\" alt=\"\">\n\t\t\t<\/div>\n\t\t\t<div class=\"second-image\">\n\t\t\t\t<img decoding=\"async\" src=\"https:\/\/gst24.eu\/wp-content\/uploads\/2022\/11\/schenker.png\" alt=\"\">\n\t\t\t<\/div>\n\t\t\n\t\t\n\t\n<\/div>\n[\/vc_column_inner][\/vc_row_inner][vc_empty_space height=&#8221;45px&#8221;][\/vc_column][\/vc_row][vc_row equal_height=&#8221;yes&#8221; side_background_title_color=&#8221;#f5f5f5&#8243;][vc_column width=&#8221;1\/2&#8243; css=&#8221;.vc_custom_1668446255949{background-color: #c8c9ce !important;}&#8221;][vc_empty_space height=&#8221;160px&#8221;][vc_single_image image=&#8221;5648164&#8243; img_size=&#8221;large&#8221; alignment=&#8221;center&#8221; css=&#8221;.vc_custom_1668288687890{margin-right: -100px !important;margin-left: 40px !important;}&#8221;][vc_empty_space height=&#8221;220px&#8221;][\/vc_column][vc_column width=&#8221;1\/2&#8243; css=&#8221;.vc_custom_1668815327139{padding-left: 100px !important;}&#8221;][vc_empty_space height=&#8221;40px&#8221;]<div class=\"norebro-heading-sc heading text-right\"\n\tid=\"norebro-custom-69d29570bd6e6\" \n\t \n\t>\n\t\n\t\n\t\n\t<h3 class=\"title\">\n\t\tO FIRMIE\t<\/h3>\n\n\t\n\t\t\t<p class=\"subtitle\">\n\t\t\t\t\t<\/p>\n\t\t\n<\/div>[vc_empty_space height=&#8221;20px&#8221;][vc_column_text]\n<p style=\"text-align: justify; font-size: 14px;\">Nasza firma dzia\u0142a na rynku nieprzerwanie od 2017 roku, \u015bwiadcz\u0105c krajowe i mi\u0119dzynarodowe us\u0142ugi obejmuj\u0105ce przew\u00f3z towaru. Dysponujemy niezb\u0119dnymi uprawnieniami w postaci certyfikat\u00f3w i licencji upowa\u017cniaj\u0105cych nas do realizacji zlece\u0144, a tak\u017ce sprz\u0119tem umo\u017cliwiaj\u0105cym transport wed\u0142ug indywidualnych potrzeb klienta.Prac\u0119 wykonujemy sprawnie i rzetelnie, staraj\u0105c si\u0119 spe\u0142nia\u0107 oczekiwania nawet najbardziej wymagaj\u0105cych klient\u00f3w zlecaj\u0105cych naszej firmie transport ci\u0119\u017carowy.<\/p>\n<p>Naszym priorytetem jest bezpieczny transport powierzonego towaru w terminie dogodnym dla klienta.<\/p>\n<p>Kierunki:<br \/>\nBELGIA<br \/>\nCZECHY<br \/>\nDANIA<br \/>\nHOLANDIA<br \/>\nNIEMCY<br \/>\nSZWECJA[\/vc_column_text][vc_row_inner css=&#8221;.vc_custom_1668819063038{margin-top: -220px !important;padding-left: 100px !important;}&#8221;][vc_column_inner][vc_single_image image=&#8221;5648604&#8243; img_size=&#8221;large&#8221;][\/vc_column_inner][\/vc_row_inner][\/vc_column][\/vc_row][vc_row full_width=&#8221;stretch_row&#8221; css=&#8221;.vc_custom_1668446579923{background-color: #f5f5f5 !important;}&#8221;][vc_column css=&#8221;.vc_custom_1668433928004{margin-top: 15px !important;margin-right: 15px !important;margin-bottom: 15px !important;margin-left: 15px !important;}&#8221;][vc_empty_space height=&#8221;40px&#8221;][vc_row_inner][vc_column_inner width=&#8221;1\/4&#8243;]<div class=\"norebro-counter-box-sc counter-box\" \n\tid=\"norebro-custom-69d29570bd722\"\n\t \n\t>\n\n\t\n\t<div class=\"counter-box-count\" data-counter=\"5\">\n\t\t\t\t<span class=\"count\">0<\/span>\n\t\t\t<\/div>\n\n\t\t\t\t<h3 class=\"title\">Lat<\/h3>\n\t\t\t\t<p class=\"subtitle\">na rynku transportowym<\/p>\n\t\n<\/div>[\/vc_column_inner][vc_column_inner width=&#8221;1\/4&#8243;]<div class=\"norebro-counter-box-sc counter-box\" \n\tid=\"norebro-custom-69d29570bd757\"\n\t \n\t>\n\n\t\n\t<div class=\"counter-box-count\" data-counter=\"17914\">\n\t\t\t\t<span class=\"count\">0<\/span>\n\t\t\t<\/div>\n\n\t\t\t\t<h3 class=\"title\">Ton<\/h3>\n\t\t\t\t<p class=\"subtitle\">przewiezionego towaru<\/p>\n\t\n<\/div>[\/vc_column_inner][vc_column_inner width=&#8221;1\/4&#8243;]<div class=\"norebro-counter-box-sc counter-box\" \n\tid=\"norebro-custom-69d29570bd775\"\n\t \n\t>\n\n\t\n\t<div class=\"counter-box-count\" data-counter=\"20250\">\n\t\t\t\t<span class=\"count\">0<\/span>\n\t\t\t<\/div>\n\n\t\t\t\t<h3 class=\"title\">Godzin<\/h3>\n\t\t\t\t<p class=\"subtitle\">czasu pracy<\/p>\n\t\n<\/div>[\/vc_column_inner][vc_column_inner width=&#8221;1\/4&#8243;]<div class=\"norebro-counter-box-sc counter-box\" \n\tid=\"norebro-custom-69d29570bd791\"\n\t \n\t>\n\n\t\n\t<div class=\"counter-box-count\" data-counter=\"754329\">\n\t\t\t\t<span class=\"count\">0<\/span>\n\t\t\t<\/div>\n\n\t\t\t\t<h3 class=\"title\">Km<\/h3>\n\t\t\t\t<p class=\"subtitle\">przebytego dystansu<\/p>\n\t\n<\/div>[\/vc_column_inner][\/vc_row_inner][vc_empty_space height=&#8221;40px&#8221;][\/vc_column][\/vc_row][vc_row][vc_column width=&#8221;2\/3&#8243; css=&#8221;.vc_custom_1668465495992{padding-right: 100px !important;}&#8221;][vc_empty_space height=&#8221;40px&#8221;]<div class=\"norebro-heading-sc heading text-left\"\n\tid=\"norebro-custom-69d29570bd7b2\" \n\t \n\t>\n\t\n\t\n\t\n\t<h3 class=\"title\">\n\t\tKontakt\t<\/h3>\n\n\t\n\t\t\t<p class=\"subtitle\">\n\t\t\t\t\t<\/p>\n\t\t\n<\/div>[vc_empty_space height=&#8221;10px&#8221;]<div class=\"wpforms-container wpforms-container-full\" id=\"wpforms-5648503\"><form id=\"wpforms-form-5648503\" class=\"wpforms-validate wpforms-form wpforms-ajax-form\" data-formid=\"5648503\" method=\"post\" enctype=\"multipart\/form-data\" action=\"\/index.php?rest_route=%2Fwp%2Fv2%2Fpages%2F2\" data-token=\"c92bf0429b6eac6d2f43de829c298d38\"><noscript class=\"wpforms-error-noscript\">Please enable JavaScript in your browser to complete this form.<\/noscript><div class=\"wpforms-field-container\"><div id=\"wpforms-5648503-field_0-container\" class=\"wpforms-field wpforms-field-name wpforms-one-half wpforms-first\" data-field-id=\"0\"><label class=\"wpforms-field-label wpforms-label-hide\" for=\"wpforms-5648503-field_0\">Imi\u0119 <span class=\"wpforms-required-label\">*<\/span><\/label><input type=\"text\" id=\"wpforms-5648503-field_0\" class=\"wpforms-field-large wpforms-field-required\" name=\"wpforms[fields][0]\" placeholder=\"Imi\u0119 Nazwisko\" required><\/div><div id=\"wpforms-5648503-field_5-container\" class=\"wpforms-field wpforms-field-name wpforms-one-half\" data-field-id=\"5\"><label class=\"wpforms-field-label wpforms-label-hide\" for=\"wpforms-5648503-field_5\">Nazwa firmy<\/label><input type=\"text\" id=\"wpforms-5648503-field_5\" class=\"wpforms-field-large\" name=\"wpforms[fields][5]\" placeholder=\"Nazwa Firmy \" ><\/div><div id=\"wpforms-5648503-field_1-container\" class=\"wpforms-field wpforms-field-email wpforms-one-half wpforms-first\" data-field-id=\"1\"><label class=\"wpforms-field-label wpforms-label-hide\" for=\"wpforms-5648503-field_1\">Email <span class=\"wpforms-required-label\">*<\/span><\/label><input type=\"email\" id=\"wpforms-5648503-field_1\" class=\"wpforms-field-large wpforms-field-required\" name=\"wpforms[fields][1]\" placeholder=\"Adres email\" required><\/div><div id=\"wpforms-5648503-field_3-container\" class=\"wpforms-field wpforms-field-text wpforms-one-half\" data-field-id=\"3\"><label class=\"wpforms-field-label wpforms-label-hide\" for=\"wpforms-5648503-field_3\">Nr teledonu<\/label><input type=\"text\" id=\"wpforms-5648503-field_3\" class=\"wpforms-field-large\" name=\"wpforms[fields][3]\" placeholder=\"Nr telefonu\" ><\/div><div id=\"wpforms-5648503-field_2-container\" class=\"wpforms-field wpforms-field-textarea\" data-field-id=\"2\"><label class=\"wpforms-field-label wpforms-label-hide\" for=\"wpforms-5648503-field_2\">Wiadomo\u015b\u0107 <span class=\"wpforms-required-label\">*<\/span><\/label><textarea id=\"wpforms-5648503-field_2\" class=\"wpforms-field-small wpforms-field-required\" name=\"wpforms[fields][2]\" placeholder=\"Tre\u015b\u0107 wiadomo\u015bci\" required><\/textarea><\/div><\/div><div class=\"wpforms-submit-container\"><input type=\"hidden\" name=\"wpforms[id]\" value=\"5648503\"><input type=\"hidden\" name=\"wpforms[author]\" value=\"1\"><button type=\"submit\" name=\"wpforms[submit]\" id=\"wpforms-submit-5648503\" class=\"wpforms-submit\" data-alt-text=\"Wys\u0142ano...\" data-submit-text=\"Wy\u015blij\" aria-live=\"assertive\" value=\"wpforms-submit\">Wy\u015blij<\/button><img loading=\"lazy\" decoding=\"async\" src=\"https:\/\/gst24.eu\/wp-content\/plugins\/wpforms-lite\/assets\/images\/submit-spin.svg\" class=\"wpforms-submit-spinner\" style=\"display: none;\" width=\"26\" height=\"26\" alt=\"Loading\"><\/div><\/form><\/div>  <!-- .wpforms-container -->[vc_empty_space height=&#8221;30px&#8221;][\/vc_column][vc_column width=&#8221;1\/3&#8243; css=&#8221;.vc_custom_1668467222799{background: #ffe8ee url(https:\/\/gst24.eu\/wp-content\/uploads\/2022\/11\/kontaktgrafika.png?id=5648512) !important;background-position: 0 0 !important;background-repeat: no-repeat !important;}&#8221;][vc_empty_space height=&#8221;600px&#8221;][\/vc_column][\/vc_row][vc_row equal_height=&#8221;yes&#8221; side_background_title_color=&#8221;#f5f5f5&#8243; css=&#8221;.vc_custom_1668817684682{background-color: #c8c9ce !important;}&#8221; el_class=&#8221;nor-top-layer&#8221;][vc_column css=&#8221;.vc_custom_1668452799271{margin-right: -15px !important;margin-left: -15px !important;}&#8221;]<div class=\"norebro-google-maps-sc google-maps\" id=\"norebro-custom-69d29570be2fb\" \ndata-google-map=\"true\" data-google-map-zoom=\"9\"\ndata-google-map-marker=\"https:\/\/gst24.eu\/wp-content\/uploads\/2022\/11\/mapa.png\"\ndata-google-map-style=\"default\"\n>\n\t\n\t<div class=\"google-maps-wrap\"><\/div>\n\t<div class=\"hidden\" data-google-map-markers=\"true\">52.579987, 15.683940<\/div>\n\n<\/div>[vc_empty_space height=&#8221;170px&#8221;][\/vc_column][\/vc_row]\n<\/section>","protected":false},"excerpt":{"rendered":"<p>[vc_row full_width=&#8221;stretch_row&#8221; css=&#8221;.vc_custom_1668463893459{margin-top: -100px !important;}&#8221;][vc_column width=&#8221;1\/2&#8243; css=&#8221;.vc_custom_1668465083518{padding-top: 100px !important;padding-right: 150px !important;}&#8221;][vc_empty_space height=&#8221;80px&#8221;][vc_empty_space height=&#8221;20px&#8221;][vc_column_text] Je\u017celi&#8230;<\/p>\n","protected":false},"author":1,"featured_media":0,"parent":0,"menu_order":0,"comment_status":"closed","ping_status":"open","template":"","meta":{"footnotes":""},"folder":[],"class_list":["post-2","page","type-page","status-publish","hentry"],"acf":[],"_links":{"self":[{"href":"https:\/\/gst24.eu\/index.php?rest_route=\/wp\/v2\/pages\/2","targetHints":{"allow":["GET"]}}],"collection":[{"href":"https:\/\/gst24.eu\/index.php?rest_route=\/wp\/v2\/pages"}],"about":[{"href":"https:\/\/gst24.eu\/index.php?rest_route=\/wp\/v2\/types\/page"}],"author":[{"embeddable":true,"href":"https:\/\/gst24.eu\/index.php?rest_route=\/wp\/v2\/users\/1"}],"replies":[{"embeddable":true,"href":"https:\/\/gst24.eu\/index.php?rest_route=%2Fwp%2Fv2%2Fcomments&post=2"}],"version-history":[{"count":438,"href":"https:\/\/gst24.eu\/index.php?rest_route=\/wp\/v2\/pages\/2\/revisions"}],"predecessor-version":[{"id":5648609,"href":"https:\/\/gst24.eu\/index.php?rest_route=\/wp\/v2\/pages\/2\/revisions\/5648609"}],"wp:attachment":[{"href":"https:\/\/gst24.eu\/index.php?rest_route=%2Fwp%2Fv2%2Fmedia&parent=2"}],"wp:term":[{"taxonomy":"folder","embeddable":true,"href":"https:\/\/gst24.eu\/index.php?rest_route=%2Fwp%2Fv2%2Ffolder&post=2"}],"curies":[{"name":"wp","href":"https:\/\/api.w.org\/{rel}","templated":true}]}}